{"id":13,"date":"2011-10-14T22:40:05","date_gmt":"2011-10-15T02:40:05","guid":{"rendered":"http:\/\/localhost\/mhme\/wordpress\/?page_id=13"},"modified":"2015-03-20T11:47:02","modified_gmt":"2015-03-20T15:47:02","slug":"spectacles","status":"publish","type":"page","link":"http:\/\/massyemond.com\/?page_id=13","title":{"rendered":"Spectacles"},"content":{"rendered":"<h3>\u00c0 Venir<\/h3>\n<p>Surveillez r\u00e9guli\u00e8rement la section, d&rsquo;autres dates vont s&rsquo;ajouter et s&rsquo;ins\u00e9rer dans le calendrier!<\/p>\n<p>17 avril, Show de salon chez Zo\u00e9, Warwick, 20h<\/p>\n<p>16 avril, Lion d&rsquo;Or, show case dans le cadre de Vue sur la Rel\u00e8ve, 20h<\/p>\n<p>11 avril Baril-Roulant, Val David, 21h<\/p>\n<p>&nbsp;<\/p>\n<p>&nbsp;<\/p>\n<p>20 janvier 2015-Quai des Brumes, MTL, \u00a0dernier mardi de r\u00e9sidence- avec HMZ<\/p>\n<p>23 janvier 2015- Show de salon, Victoriaville-avec HMZ- <a href=\"https:\/\/www.facebook.com\/events\/547101818760135\/?ref_dashboard_filter=upcoming\" target=\"_blank\">infos ici<\/a><\/p>\n<p>24 janvier 2015-Le Bien le Malt, Rimouski avec HMZ<\/p>\n<p>20 f\u00e9vrier 2015-Maison de la culture Villebon, Beloeil- i<a href=\"http:\/\/culture.beloeil.ca\/evenement\/massy-emond\/\" target=\"_blank\">nformations et billets ici<\/a><\/p>\n<p>2 mars 2015, Ma premi\u00e8re place des Arts, salle Claude-L\u00e9veill\u00e9, Place des Arts, Montr\u00e9al-contactez-moi directement pour avoir des billets.<\/p>\n<p>11 avril 2015, Le Baril-Roulant, Val David, 21h30<\/p>\n<p>16 avril 2015, Lion d&rsquo;Or, Festival Vue sur la rel\u00e8ve, d\u00e9tails \u00e0 venir<\/p>\n<p>17 avril 2015, Show de Salon Warwick<\/p>\n<p><span style=\"font-size: 10px; letter-spacing: 0.1em; line-height: 2.6em; text-transform: uppercase;\">Spectacles Pass\u00e9s<\/span><\/p>\n<p>16 d\u00e9cembre, Quai des Brumes, Montr\u00e9al- Party de No\u00ebl cochon avec Philippe Brach et Calt\u00e2r-Bateau<\/p>\n<p>18 novembre, Quai des Brumes, Montr\u00e9al<\/p>\n<p>24 septembre Quai des Brumes, Montr\u00e9al avec Joelle Saint-Pierre et Sarah Toussaint-L\u00e9veill\u00e9<\/p>\n<p>20 septembre 2014-Massy Emond en sc\u00e8ne, Bar le Z\u00e9nob, Trois-Rivi\u00e8res, 20h<\/p>\n<p>1 juin 2014-Massy Emond en sc\u00e8ne, Le Baril-roulant, Val-David, 20h<\/p>\n<p>3 juin 2014-Massy Emond en sc\u00e8ne, Quai des Brumes, Montr\u00e9al, 21h<\/p>\n<p>5 juin 2014-Massy Emond en sc\u00e8ne, Billard l&rsquo;Ad hoc, Amos, 21h<\/p>\n<p>7 juin 2014-Massy Emond en sc\u00e8ne, Le Troquet, Gatineau, 21h<\/p>\n<p>13 avril 2014-Massy Emond en sc\u00e8ne, brasserie le St-Graal, Ste-Th\u00e9r\u00e8se de Blainville, 20h<\/p>\n<p>28 mars 2014- Massy Emond en sc\u00e8ne Premi\u00e8re du spectacle, Agora des Arts, Rouyn-Noranda \u00a0https:\/\/agora.ticketacces.net\/fr\/organisation\/#programmation-37<\/p>\n<p>2 mars 2014- Massy Emond et ses musiciens au Bar les Pas Sages, Montr\u00e9al, 20h.<\/p>\n<p>9 f\u00e9vrier 2014- Massy Emond et ses musiciens \u00a0\u00e0 l&rsquo;Escalier, Montr\u00e9al, 15h, entr\u00e9e libre.<\/p>\n<div>5 d\u00e9cembre 2013- Massy Emond et Travelling Headcase \u00e0 l&rsquo;\u00c9glise Orthodoxe russe St-Georges<\/div>\n<p>28 octobre 2013- \u00a0Massy Emond invite, Cabaret Folk au Quai des Brumes<\/p>\n<p>4 septembre 2013- OFF FME en compagnie de la troupe de danse Sakade<\/p>\n<p>31 Juillet 2013 &#8211; 5 \u00e0 7 d&rsquo;ouverture du\u00a0<a href=\"www.frimat.qc.ca\">FRIMAT\u00a0<\/a>en compagnie de la troupe de danse Sakade<\/p>\n<p>27 Juin au 6 Juillet 2013 &#8211; Festival en chanson de Petite-Vall\u00e9e<\/p>\n<p>31 Juillet 2013 &#8211; 5 \u00e0 7 d&rsquo;ouverture du\u00a0<a href=\"www.frimat.qc.ca\">FRIMAT\u00a0<\/a>en compagnie de la troupe de danse Sakade<\/p>\n<p>27 Juin au 6 Juillet 2013 &#8211; Festival en chanson de Petite-Vall\u00e9e<br \/>\n4 mai 2013 &#8211; Cabaret Underworld &#8211; Montr\u00e9al -20h30<br \/>\n14 f\u00e9vrier 2013 &#8211; La Motte &#8211; Avec Dylan Perron et Elixir de Gumbo<br \/>\n27 d\u00e9cembre 2012 &#8211; Val-d&rsquo;Or &#8211; Festival des rumeurs &#8211; 21h30<br \/>\n2 septembre 2012 &#8211; Rouyn-Noranda &#8211;\u00a0<a href=\"http:\/\/www.fmeat.org\">FME<\/a>\u00a0&#8211; 18h00<br \/>\n4 Ao\u00fbt 2012- Val-d&rsquo;Or &#8211; <a href=\"http:\/\/www.frimat.qc.ca\/2012\/fr-ca\/index.php?p=ymQ%2FK1ss89s4w5XMNjrD9s3uZVki4U0acqBICOijXjs%3D\" target=\"_blank\">FRIMAT<\/a> &#8211; 20h00<br \/>\n22 Juillet 2012- Montr\u00e9al &#8211; Quai des Brumes &#8211; 20h00 &#8211; Avec Dylan Perron et Elixir de Gumbo<br \/>\n8 Juillet 2012- Ville-Marie &#8211; Sc\u00e8ne du Lac &#8211; 15h00<\/p>\n<p>Dans le cadre de la tourn\u00e9e <a href=\"http:\/\/www.facebook.com\/gumbogarnotteetcremesoda\" target=\"_blank\">Gumbo, garnotte et cr\u00e8me soda<\/a> :<br \/>\n12 Avril 2012\u2013 La Motte \u2013 Salle H\u00e9ritage &#8211; 19h30<br \/>\n14 Avril 2012\u2013 Lebel-Sur-Qu\u00e9villon \u2013 Bar Sambuca -20h00<br \/>\n19 Avril 2012- Rapide-Danseur &#8211; \u00c9glise &#8211; 19h30<br \/>\n20 Avril 2012\u2013 Macamic \u2013 Caf\u00e9 Elkoza -20h00<br \/>\n21 Avril 2012- R\u00e9migny \u2013 Centre R\u00e9cr\u00e9atif &#8211; 20h00<br \/>\n22 Avril 2012\u2013 Angliers &#8211; \u00c9glise Saint-Viateur -14h00<br \/>\n22 Avril 2012- Notre-Dame-du-Nord &#8211; \u00c9glise Saint-Joseph &#8211; 19h30<br \/>\n24 Mai 2012\u2013 Rouyn-Noranda &#8211;\u00a0 FGMAT &#8211; Cabaret de la derni\u00e8re chance -20h00<\/p>\n<p>31 Mars 2012- Rouyn-Noranda &#8211; <a href=\"http:\/\/www.facebook.com\/events\/192183074229350\/\" target=\"_blank\">Soir\u00e9e B\u00e9n\u00e9fice Centre Musical en Sol Mineur<\/a><\/p>\n","protected":false},"excerpt":{"rendered":"<p>\u00c0 Venir Surveillez r\u00e9guli\u00e8rement la section, d&rsquo;autres dates vont s&rsquo;ajouter et s&rsquo;ins\u00e9rer dans le calendrier! 17 avril, Show de salon chez Zo\u00e9, Warwick, 20h 16 avril, Lion d&rsquo;Or, show case dans le cadre de Vue sur la Rel\u00e8ve, 20h 11 avril Baril-Roulant, Val David, 21h &nbsp; &nbsp; 20 janvier 2015-Quai des Brumes, MTL, \u00a0dernier mardi &hellip; <\/p>\n<p class=\"link-more\"><a href=\"http:\/\/massyemond.com\/?page_id=13\" class=\"more-link\">Continuer la lecture<span class=\"screen-reader-text\"> de &laquo;&nbsp;Spectacles&nbsp;&raquo;<\/span><\/a><\/p>\n","protected":false},"author":1,"featured_media":0,"parent":0,"menu_order":5,"comment_status":"closed","ping_status":"closed","template":"sidebar-page.php","meta":[],"_links":{"self":[{"href":"http:\/\/massyemond.com\/index.php?rest_route=\/wp\/v2\/pages\/13"}],"collection":[{"href":"http:\/\/massyemond.com\/index.php?rest_route=\/wp\/v2\/pages"}],"about":[{"href":"http:\/\/massyemond.com\/index.php?rest_route=\/wp\/v2\/types\/page"}],"author":[{"embeddable":true,"href":"http:\/\/massyemond.com\/index.php?rest_route=\/wp\/v2\/users\/1"}],"replies":[{"embeddable":true,"href":"http:\/\/massyemond.com\/index.php?rest_route=%2Fwp%2Fv2%2Fcomments&post=13"}],"version-history":[{"count":23,"href":"http:\/\/massyemond.com\/index.php?rest_route=\/wp\/v2\/pages\/13\/revisions"}],"predecessor-version":[{"id":282,"href":"http:\/\/massyemond.com\/index.php?rest_route=\/wp\/v2\/pages\/13\/revisions\/282"}],"wp:attachment":[{"href":"http:\/\/massyemond.com\/index.php?rest_route=%2Fwp%2Fv2%2Fmedia&parent=13"}],"curies":[{"name":"wp","href":"https:\/\/api.w.org\/{rel}","templated":true}]}}